{"id":1627,"date":"2017-10-15T19:45:43","date_gmt":"2017-10-15T17:45:43","guid":{"rendered":"http:\/\/www.videoclubborne.nl\/?page_id=1627"},"modified":"2025-08-10T23:02:27","modified_gmt":"2025-08-10T21:02:27","slug":"evenementen","status":"publish","type":"page","link":"https:\/\/www.videoclubborne.nl\/?page_id=1627","title":{"rendered":"Buiten de club activiteiten"},"content":{"rendered":"<p><em>(redactie Lau)<\/em><\/p>\n<p><img loading=\"lazy\" decoding=\"async\" class=\"wp-image-10758 alignleft\" src=\"https:\/\/www.videoclubborne.nl\/wp-content\/uploads\/2025\/08\/TAFF_logo_kleur.jpg\" alt=\"\" width=\"227\" height=\"151\" srcset=\"https:\/\/www.videoclubborne.nl\/wp-content\/uploads\/2025\/08\/TAFF_logo_kleur.jpg 679w, https:\/\/www.videoclubborne.nl\/wp-content\/uploads\/2025\/08\/TAFF_logo_kleur-300x200.jpg 300w\" sizes=\"(max-width: 227px) 100vw, 227px\" \/><\/p>\n<p style=\"text-align: justify;\"><strong>Zondag 18 januari 2026: Tweede <em>Twents Amateur FilmFestival<\/em> (TAFF), Schouwburg Hengelo<\/strong><\/p>\n<p><a href=\"http:\/\/www.twentsamateurfilmfestival.nl\" target=\"_blank\" rel=\"noopener\">TAFF website (info en aanmelding)<\/a><\/p>\n<p><a href=\"https:\/\/www.twentsamateurfilmfestival.nl\/vorige-editie\" target=\"_blank\" rel=\"noopener\">Vorige versie (januari 2025)<\/a><\/p>\n<p>&nbsp;<\/p>\n<p><strong>Zaterdag 18 januari 2020: Excursie Othmar bierbrouwerij Ootmarsum<\/strong><\/p>\n<p><iframe loading=\"lazy\" src=\"\/\/www.youtube.com\/embed\/H8fE0fgHLy0?autoplay=1&amp;mute=1\" allowfullscreen=\"allowfullscreen\" width=\"560\" height=\"314\"><\/iframe><\/p>\n<p style=\"text-align: justify;\">Op zaterdag 18 januari waren we met 13 leden van de Videoclub Borne op bezoek bij de Othmar bierbrouwerij. Een compacte maar prachtige brouwerij aan het Commanderieplein in Ootmarsum. Allereerst togen we naar de zolder waar de vele zakken mout al gereed lagen. Onze excursieleider vertelde ons allereerst uitgebreid over alle 4 de ingredienten voor het maken van bier: water, graan, hop en gist. Ook de oorsprong van de koningsnaam Othmar (vandaar ook Ootmarsum) wordt ons bijgebracht. Vervolgens wordt ons in het restaurant bij de koperen brouwketels het brouwproces met de verschillende kookstappen uitgelegd. Tenslotte wordt aan de overkant de bottelarij toegelicht. Na de smakelijke maaltijd kwamen we al snel tot de conclusie dat we nu zelf wel aan de slag kunnen gaan. Een weer zeer geslaagd uitje van de Videoclub Borne! Zie nog&nbsp;<a href=\"http:\/\/www.othmarbier.nl\/#introductie\" target=\"_blank\" rel=\"noopener noreferrer\">hier<\/a> voor meer informatie, hierboven een filmpje van ons clublid Joke en hieronder de foto&#8217;s van Henk en Tyron.<\/p>\n<p style=\"text-align: center;\"><strong>Foto&#8217;s Henk<\/strong>&nbsp;<\/p>\nngg_shortcode_0_placeholder\n<p style=\"text-align: center;\"><strong>Foto&#8217;s Tyron<\/strong><\/p>\n<p>ngg_shortcode_1_placeholder<strong>Vrijdag 21 juni 2019:&nbsp;<\/strong><strong>Registratie Musilon UT&nbsp;<\/strong><\/p>\n<p style=\"text-align: justify;\"><iframe loading=\"lazy\" src=\"\/\/www.youtube.com\/embed\/slY6z1fCIF4\" allowfullscreen=\"allowfullscreen\" width=\"560\" height=\"314\"><\/iframe>Deze vrijdag maakten we een registratie van een uitvoering van Musilon, de studenten Vocal Group van de Universiteit Twente. Sinds 1987 zingen zij vol enthousiasme lichte muziek (jazz, pop, rock), zowel a-capella als met begeleiding. Inmiddels is Musilon uitgegroeid tot een koor van ongeveer 60 leden. Zie hierboven voor een korte impressie, zie hun website voor meer achtergrondinfo. Opgenomen met de apparatuur van de Videoclub Borne: de Panasonic HC-X920 camera en de Zoom H2 digitale recorder (beide geluidopnamen zijn 50\/50 gemengd).<\/p>\n<p><strong>Maandag 11 maart 2019:&nbsp;<\/strong><strong>Infoavond Filmen met systeemcamera\u2019s<\/strong><\/p>\n<p style=\"text-align: justify;\"><a href=\"http:\/\/www.videoclubborne.nl\/wp-content\/uploads\/2017\/10\/camera-1867184.jpg\"><img loading=\"lazy\" decoding=\"async\" class=\"alignleft wp-image-2820\" src=\"http:\/\/www.videoclubborne.nl\/wp-content\/uploads\/2017\/10\/camera-1867184-300x200.jpg\" alt=\"\" width=\"228\" height=\"152\" srcset=\"https:\/\/www.videoclubborne.nl\/wp-content\/uploads\/2017\/10\/camera-1867184-300x200.jpg 300w, https:\/\/www.videoclubborne.nl\/wp-content\/uploads\/2017\/10\/camera-1867184-768x512.jpg 768w, https:\/\/www.videoclubborne.nl\/wp-content\/uploads\/2017\/10\/camera-1867184-1024x683.jpg 1024w, https:\/\/www.videoclubborne.nl\/wp-content\/uploads\/2017\/10\/camera-1867184-640x430.jpg 640w\" sizes=\"(max-width: 228px) 100vw, 228px\" \/><\/a>Bij de Videoclub Borne een infoavond <em>Filmen met systeemcameras.<\/em>&nbsp;Een&nbsp;systeemcamera&nbsp;is een digitale camera met verwisselbare lenzen&nbsp;zonder een (opklapbare) spiegel voor het zoeker-systeem.&nbsp;In grootte, mogelijkheden en beeldkwaliteit vinden systeemcamera&#8217;s het midden tussen spiegel-reflexcamera&#8217;s&nbsp;en compact camera&#8217;s. Systeemcamera&#8217;s bevatten vaak een sensor&nbsp;die veel groter is dan die van de meeste compact camera&#8217;s (wat de selectieve scherptediepte (Bokeh) beter mogelijk maakt).&nbsp;Tegenwoordig worden systeemcamera\u2019s, naast het fotograferen, dan ook steeds meer voor (video) filmen gebruikt.<\/p>\n<p style=\"text-align: justify;\">Namens de firma CameraTools uit Apeldoorn verzorgde Frank Doorhof deze avond. Frank Doorhof is een zeer aansprekende en grote naam binnen de fotografie\/video , zie o.a.<\/p>\n<ul>\n<li>&nbsp;&nbsp;&nbsp;&nbsp;&nbsp;&nbsp;&nbsp;&nbsp;&nbsp;&nbsp;&nbsp;&nbsp;&nbsp; <a href=\"https:\/\/frankdoorhof.com\/web\/\">https:\/\/frankdoorhof.com\/web\/<\/a><\/li>\n<li>&nbsp;&nbsp;&nbsp;&nbsp;&nbsp;&nbsp;&nbsp;&nbsp;&nbsp;&nbsp;&nbsp;&nbsp;&nbsp; <a href=\"https:\/\/www.youtube.com\/watch?v=Spquz3LlrTw\">videoclip &#8220;Ikke Ook&#8221;<\/a>&nbsp; &nbsp;&nbsp;<\/li>\n<li>&nbsp;&nbsp;&nbsp;&nbsp;&nbsp;&nbsp;&nbsp;&nbsp;&nbsp;&nbsp;&nbsp;&nbsp;&nbsp; <a href=\"https:\/\/www.youtube.com\/watch?v=wtvwD_9ihKc\">videoclip &#8220;Atif aslam no 1 song&#8221;<\/a>&nbsp;&nbsp;<\/li>\n<\/ul>\n<p style=\"text-align: justify;\">Als een ware entertainer bracht Frank een erg interessante avond met tal van wetenswaardigheden over het filmen, maar ook over het vervolgens monteren van je geschoten materiaal. Bedankt Frank!<\/p>\n<p><strong>Zondag 10 juni 2018 Koets&#8217;n Keerls Twenterit Borne e.o.<\/strong><\/p>\n<p><iframe loading=\"lazy\" src=\"\/\/www.youtube.com\/embed\/emvQJ8ApBvY\" allowfullscreen=\"allowfullscreen\" width=\"560\" height=\"314\"><\/iframe><\/p>\n<p>Op 10 juni 2018 organiseerde de Koets&#8217;n Keerls de Twenterit in en rondom Borne. Ik was erbij en maakte na afloop deze sfeerimpressie. Opnamen en montage door Lau.<\/p>\n<p><strong>Zondag 25 maart 2018: Meer-camera registratie Boorn to make Music<\/strong><\/p>\n<p style=\"text-align: justify;\">Muziektheater Capriccio&#8217;97 is jaarlijks te vinden op het muziekevenement <em>&#8220;Boorn to make Music&#8221;<\/em> in het Kulturhus van Borne, een middag met Bornse muziekverenigingen. De filmopnamen van dit optreden in 2018 zijn gemaakt door Andr\u00e9 Bourgonje, Ren\u00e9 Nijkamp en Fred Boender, leden van VCB (Videoclub Borne). Montage van de filmbeelden door Fred Boender.<\/p>\n<p><iframe loading=\"lazy\" src=\"\/\/www.youtube.com\/embed\/uAtIm6EKkdo\" allowfullscreen=\"allowfullscreen\" width=\"275\" height=\"154\"><\/iframe><iframe loading=\"lazy\" src=\"\/\/www.youtube.com\/embed\/EeLInt0zSd0\" allowfullscreen=\"allowfullscreen\" width=\"275\" height=\"154\"><\/iframe><\/p>\n<p><strong>Zaterdag 20 januari 2018: Instituut Beeld en geluid Hilversum.<\/strong><\/p>\n<p><iframe loading=\"lazy\" src=\"\/\/www.youtube.com\/embed\/NERkOQUFOCM\" allowfullscreen=\"allowfullscreen\" width=\"560\" height=\"314\"><\/iframe>Met de Videoclub Borne op excursie naar het Instituut voor <a href=\"https:\/\/beeldengeluid.nl\/\">Instituut voor Beeld en Geluid<\/a>. Daarna ook lekker gegeten bij restaurant\/Proeverij&nbsp;<a href=\"http:\/\/www.deopenkeuken.nl\/\">De open keuken<\/a> (foto&#8217;s Bert en Fred).<\/p>\n<p><strong>Zaterdag 2 december 2017: meer-camera registratie Flageolettes &amp; Zwingkoor<\/strong><\/p>\n<p style=\"text-align: justify;\">Vanavond mer de Videoclub Borne (Ren\u00e9, Lau, Harry en Andr\u00e9) een meer-(4)-camera registratie gemaakt van het concert bij het 25-jarig bestaan van het Almelose Zwingkoor. Zij traden op in het theaterhotel Almelo en met in het voorprogramma de swingende 4-koppige damesband De Flageolettes. Ren\u00e9 gaat het monteren tot \u00e9\u00e9n lopend geheel.<a href=\"http:\/\/www.videoclubborne.nl\/wp-content\/uploads\/2017\/10\/Flageolettes-14.jpg\"><br \/>\n<img loading=\"lazy\" decoding=\"async\" class=\"alignleft wp-image-1871\" src=\"http:\/\/www.videoclubborne.nl\/wp-content\/uploads\/2017\/10\/Flageolettes-14.jpg\" alt=\"\" width=\"260\" height=\"146\" srcset=\"https:\/\/www.videoclubborne.nl\/wp-content\/uploads\/2017\/10\/Flageolettes-14.jpg 4939w, https:\/\/www.videoclubborne.nl\/wp-content\/uploads\/2017\/10\/Flageolettes-14-300x169.jpg 300w, https:\/\/www.videoclubborne.nl\/wp-content\/uploads\/2017\/10\/Flageolettes-14-768x432.jpg 768w, https:\/\/www.videoclubborne.nl\/wp-content\/uploads\/2017\/10\/Flageolettes-14-1024x576.jpg 1024w\" sizes=\"(max-width: 260px) 100vw, 260px\" \/><\/a> <a href=\"http:\/\/www.videoclubborne.nl\/wp-content\/uploads\/2017\/10\/IMG_0065Swingkoor-Ndp-preview.jpg\"><img loading=\"lazy\" decoding=\"async\" class=\"wp-image-1872 alignnone\" src=\"http:\/\/www.videoclubborne.nl\/wp-content\/uploads\/2017\/10\/IMG_0065Swingkoor-Ndp-preview-300x169.jpg\" alt=\"\" width=\"261\" height=\"147\" srcset=\"https:\/\/www.videoclubborne.nl\/wp-content\/uploads\/2017\/10\/IMG_0065Swingkoor-Ndp-preview-300x169.jpg 300w, https:\/\/www.videoclubborne.nl\/wp-content\/uploads\/2017\/10\/IMG_0065Swingkoor-Ndp-preview-768x432.jpg 768w, https:\/\/www.videoclubborne.nl\/wp-content\/uploads\/2017\/10\/IMG_0065Swingkoor-Ndp-preview-1024x576.jpg 1024w\" sizes=\"(max-width: 261px) 100vw, 261px\" \/><\/a><strong>Zaterdag 14 oktober 2017: Stoomzagerij Nahuis Groenlo<\/strong><\/p>\n<p style=\"text-align: justify;\"><iframe loading=\"lazy\" src=\"\/\/www.youtube.com\/embed\/43301V_lgJM\" allowfullscreen=\"allowfullscreen\" width=\"560\" height=\"314\"><\/iframe>We zijn met de Videoclub Borne op bezoek bij een draaidag van de Stoomzagerij Nahuis in Groenlo. Met maar liefst 5 camera&#8217;s leggen we de stoomketel, de houtzagerij en de timmerwerkplaats vast (alles was in vol bedrijf). Lau had de 5-shots methode uitgelegd (zie filmpje) en de d\u00e9coupage was dus geen probleem meer. Daarna nog lekkere schnitzels gegeten bij restaurant Wissink in Groenlo!<\/p>\n<p><iframe loading=\"lazy\" src=\"\/\/www.youtube.com\/embed\/r-A0SJe-46I\" allowfullscreen=\"allowfullscreen\" width=\"560\" height=\"314\"><\/iframe><\/p>\n","protected":false},"excerpt":{"rendered":"<p>(redactie Lau) Zondag 18 januari 2026: Tweede Twents Amateur FilmFestival (TAFF), Schouwburg Hengelo TAFF website (info en aanmelding) Vorige versie (januari 2025) &nbsp; Zaterdag 18 januari 2020: Excursie Othmar bierbrouwerij Ootmarsum Op zaterdag 18 januari waren we met 13 leden van de Videoclub Borne op bezoek bij de Othmar bierbrouwerij. Een compacte maar prachtige brouwerij [&hellip;]<\/p>\n","protected":false},"author":3,"featured_media":0,"parent":0,"menu_order":0,"comment_status":"closed","ping_status":"closed","template":"","meta":{"protect_children":false,"ngg_post_thumbnail":0,"jetpack_post_was_ever_published":false,"footnotes":""},"jetpack_sharing_enabled":true,"jetpack_shortlink":"https:\/\/wp.me\/P7JEPk-qf","_links":{"self":[{"href":"https:\/\/www.videoclubborne.nl\/index.php?rest_route=\/wp\/v2\/pages\/1627"}],"collection":[{"href":"https:\/\/www.videoclubborne.nl\/index.php?rest_route=\/wp\/v2\/pages"}],"about":[{"href":"https:\/\/www.videoclubborne.nl\/index.php?rest_route=\/wp\/v2\/types\/page"}],"author":[{"embeddable":true,"href":"https:\/\/www.videoclubborne.nl\/index.php?rest_route=\/wp\/v2\/users\/3"}],"replies":[{"embeddable":true,"href":"https:\/\/www.videoclubborne.nl\/index.php?rest_route=%2Fwp%2Fv2%2Fcomments&post=1627"}],"version-history":[{"count":95,"href":"https:\/\/www.videoclubborne.nl\/index.php?rest_route=\/wp\/v2\/pages\/1627\/revisions"}],"predecessor-version":[{"id":10762,"href":"https:\/\/www.videoclubborne.nl\/index.php?rest_route=\/wp\/v2\/pages\/1627\/revisions\/10762"}],"wp:attachment":[{"href":"https:\/\/www.videoclubborne.nl\/index.php?rest_route=%2Fwp%2Fv2%2Fmedia&parent=1627"}],"curies":[{"name":"wp","href":"https:\/\/api.w.org\/{rel}","templated":true}]}}